{"id":21,"date":"2024-07-14T08:45:17","date_gmt":"2024-07-14T08:45:17","guid":{"rendered":"https:\/\/wordpress.themeholy.com\/rakar\/?page_id=21"},"modified":"2025-02-25T12:19:40","modified_gmt":"2025-02-25T12:19:40","slug":"anasayfa","status":"publish","type":"page","link":"https:\/\/www.ozcandogalgaz.com.tr\/","title":{"rendered":"Anasayfa"},"content":{"rendered":"\t\t<div data-elementor-type=\"wp-page\" data-elementor-id=\"21\" class=\"elementor elementor-21\">\n\t\t\t\t<div class=\"elementor-element elementor-element-0a89c45 e-con-full e-flex e-con e-parent\" data-id=\"0a89c45\" data-element_type=\"container\">\n\t\t\r\n\t\t<div class=\"elementor-element elementor-element-f6fdbd6 elementor-widget elementor-widget-rakarbanner1\" data-id=\"f6fdbd6\" data-element_type=\"widget\" data-widget_type=\"rakarbanner1.default\">\n\t\t\t\t<div class=\"elementor-widget-container\">\n\t\t\t\t\t<div class=\"th-hero-wrapper hero-1 slider-area\" id=\"hero\" data-bg-src=\"https:\/\/www.ozcandogalgaz.com.tr\/wp-content\/uploads\/2025\/02\/1595682937183915122.jpg\"><div class=\"shape-mockup spin\" data-top=\"35%\" data-right=\"8%\"><img decoding=\"async\" src=\"https:\/\/www.ozcandogalgaz.com.tr\/wp-content\/plugins\/rakar-core\/assets\/img\/shape\/dots_1.svg\" alt=\"shape\"><\/div><div class=\"shape-mockup spin\" data-bottom=\"28%\" data-right=\"48%\"><img decoding=\"async\" src=\"https:\/\/www.ozcandogalgaz.com.tr\/wp-content\/plugins\/rakar-core\/assets\/img\/shape\/dots_1.svg\" alt=\"shape\"><\/div><div class=\"swiper th-slider\" id=\"heroSlide1\" data-slider-options='{\"effect\":\"fade\",\"autoHeight\":true}'><div class=\"swiper-wrapper\"><div class=\"swiper-slide\"><div class=\"hero-inner\"><div class=\"container\"><div class=\"hero-style1\"><div class=\"hero-arrow\" data-ani=\"slideinright\" data-ani-delay=\"0.4s\"><img decoding=\"async\" src=\"https:\/\/www.ozcandogalgaz.com.tr\/wp-content\/plugins\/rakar-core\/assets\/img\/hero\/hero_arrow.svg\" alt=\"Arrow\"><\/div><h1 class=\"hero-title\">\n<span class=\"title3\" data-ani=\"slideinup\" data-ani-delay=\"0.6s\">\u00d6ZCAN <span class=\"text-theme\">DO\u011eALGAZ<\/span><\/span><\/h1><\/div><\/div><div class=\"hero-img\" data-ani=\"slideinright\" data-ani-delay=\"0.2s\"><div class=\"shape1\"><img decoding=\"async\" src=\"https:\/\/www.ozcandogalgaz.com.tr\/wp-content\/plugins\/rakar-core\/assets\/img\/hero\/hero_shape_1_1.svg\" alt=\"shape\"><\/div><img decoding=\"async\" src=\"\" alt=\"\"  \/><\/div><\/div><\/div><div class=\"swiper-slide\"><div class=\"hero-inner\"><div class=\"container\"><div class=\"hero-style1\"><div class=\"hero-arrow\" data-ani=\"slideinright\" data-ani-delay=\"0.4s\"><img decoding=\"async\" src=\"https:\/\/www.ozcandogalgaz.com.tr\/wp-content\/plugins\/rakar-core\/assets\/img\/hero\/hero_arrow.svg\" alt=\"Arrow\"><\/div><h1 class=\"hero-title\">\n<span class=\"title3\" data-ani=\"slideinup\" data-ani-delay=\"0.6s\">\u00d6ZCAN <span class=\"text-theme\">DO\u011eALGAZ<\/span><\/span><\/h1><\/div><\/div><div class=\"hero-img\" data-ani=\"slideinright\" data-ani-delay=\"0.2s\"><div class=\"shape1\"><img decoding=\"async\" src=\"https:\/\/www.ozcandogalgaz.com.tr\/wp-content\/plugins\/rakar-core\/assets\/img\/hero\/hero_shape_1_1.svg\" alt=\"shape\"><\/div><img decoding=\"async\" src=\"https:\/\/www.ozcandogalgaz.com.tr\/wp-content\/uploads\/2025\/02\/banner1-1-2048x1024-1.jpg\" alt=\"banner1 1 2048x1024 1\"  \/><\/div><\/div><\/div><\/div><\/div><button data-slider-prev=\"#heroSlide1\" class=\"slider-arrow slider-prev\"><i class=\"far fa-arrow-left\"><\/i><\/button><button data-slider-next=\"#heroSlide1\" class=\"slider-arrow slider-next\"><i class=\"far fa-arrow-right\"><\/i><\/button><\/div>\t\t\t\t<\/div>\n\t\t\t\t<\/div>\n\t\t\t\t<\/div>\n\t\t<div class=\"elementor-element elementor-element-fdbf3a3 e-con-full e-flex e-con e-parent\" data-id=\"fdbf3a3\" data-element_type=\"container\">\n\t\t\t\t<div class=\"elementor-element elementor-element-48bd455 elementor-widget elementor-widget-rakarclientlogos\" data-id=\"48bd455\" data-element_type=\"widget\" data-widget_type=\"rakarclientlogos.default\">\n\t\t\t\t<div class=\"elementor-widget-container\">\n\t\t\t\t\t<div class=\"swiper th-slider\" id=\"brandSlider2\" data-slider-options='{\"spaceBetween\":45,\"breakpoints\":{\"0\":{\"slidesPerView\":2},\"576\":{\"slidesPerView\":\"2\"},\"768\":{\"slidesPerView\":\"3\"},\"992\":{\"slidesPerView\":\"4\"},\"1200\":{\"slidesPerView\":\"4\"},\"1300\":{\"slidesPerView\":\"5\"},\"1500\":{\"slidesPerView\":\"6\"}}}'><div class=\"swiper-wrapper\"><div class=\"swiper-slide\"><div class=\"brand-card\"><img decoding=\"async\" src=\"https:\/\/www.ozcandogalgaz.com.tr\/wp-content\/uploads\/2025\/02\/baymak1.jpg\" alt=\"baymak1\"  \/><\/div><\/div><div class=\"swiper-slide\"><div class=\"brand-card\"><img decoding=\"async\" src=\"https:\/\/www.ozcandogalgaz.com.tr\/wp-content\/uploads\/2025\/02\/baymak2.jpg\" alt=\"baymak2\"  \/><\/div><\/div><div class=\"swiper-slide\"><div class=\"brand-card\"><img decoding=\"async\" src=\"https:\/\/www.ozcandogalgaz.com.tr\/wp-content\/uploads\/2025\/02\/bayma32.jpg\" alt=\"bayma32\"  \/><\/div><\/div><div class=\"swiper-slide\"><div class=\"brand-card\"><img decoding=\"async\" src=\"https:\/\/www.ozcandogalgaz.com.tr\/wp-content\/uploads\/2025\/02\/bayma332.jpg\" alt=\"bayma332\"  \/><\/div><\/div><div class=\"swiper-slide\"><div class=\"brand-card\"><img decoding=\"async\" src=\"https:\/\/www.ozcandogalgaz.com.tr\/wp-content\/uploads\/2025\/02\/bayma3302.jpg\" alt=\"bayma3302\"  \/><\/div><\/div><div class=\"swiper-slide\"><div class=\"brand-card\"><img decoding=\"async\" src=\"https:\/\/www.ozcandogalgaz.com.tr\/wp-content\/uploads\/2025\/02\/bayma33d02.jpg\" alt=\"bayma33d02\"  \/><\/div><\/div><\/div><\/div>\t\t\t\t<\/div>\n\t\t\t\t<\/div>\n\t\t\t\t<\/div>\n\t\t<div class=\"elementor-element elementor-element-84d9e4e e-flex e-con-boxed e-con e-parent\" data-id=\"84d9e4e\" data-element_type=\"container\" id=\"service-sec\">\n\t\t\t\t\t<div class=\"e-con-inner\">\n\t\t\t\t<div class=\"elementor-element elementor-element-7ed6621 elementor-widget elementor-widget-rakarshapeimage\" data-id=\"7ed6621\" data-element_type=\"widget\" data-widget_type=\"rakarshapeimage.default\">\n\t\t\t\t<div class=\"elementor-widget-container\">\n\t\t\t\t\t<!-- Image --><div class=\"shape-mockup spin \" data-bottom=\"1px\" data-left=\"1px\"><img decoding=\"async\" class=\"\" src=\"https:\/\/wordpress.themeholy.com\/rakar\/wp-content\/uploads\/2024\/07\/lines_1.png\" alt=\"Shape Image\" ><\/div><!-- End Image -->\t\t\t\t<\/div>\n\t\t\t\t<\/div>\n\t\t\t\t<div class=\"elementor-element elementor-element-ffd761e elementor-widget__width-initial elementor-widget elementor-widget-rakarsectiontitle\" data-id=\"ffd761e\" data-element_type=\"widget\" data-widget_type=\"rakarsectiontitle.default\">\n\t\t\t\t<div class=\"elementor-widget-container\">\n\t\t\t\t\t\t\t<div class=\"title-area text-center \">\r\n\t\t\t<span class=\"sub-title \"><img decoding=\"async\" src=\"https:\/\/www.ozcandogalgaz.com.tr\/wp-content\/plugins\/rakar-core\/assets\/img\/title_icon.svg\" alt=\"Shape\">\u00d6ZCAN DO\u011eALGAZ<\/span><h2 class=\"sec-title \">Hizmetlerimiz<\/h2><p>\u00d6zcan Do\u011falgaz, kombi sistemlerinin bak\u0131m, tamir ve sat\u0131\u015f\u0131 konusunda her zaman yan\u0131n\u0131zda. Sa\u011flad\u0131\u011f\u0131m\u0131z kaliteli hizmetle \u0131s\u0131nma sistemlerinizi g\u00fcvenle kullanabilir, tasarruf sa\u011flayabilirsiniz. Sizin i\u00e7in en uygun \u00e7\u00f6z\u00fcmleri sunmak i\u00e7in buraday\u0131z!<\/p>\t\t<\/div>\r\n\r\n\t\t\t\t\t<\/div>\n\t\t\t\t<\/div>\n\t\t\t\t<div class=\"elementor-element elementor-element-4060d20 elementor-widget elementor-widget-rakarservice\" data-id=\"4060d20\" data-element_type=\"widget\" data-widget_type=\"rakarservice.default\">\n\t\t\t\t<div class=\"elementor-widget-container\">\n\t\t\t\t\t<div class=\"slider-area\"><div class=\"swiper th-slider has-shadow\" id=\"serviceSlider1\" data-slider-options='{\"loop\":false,\"slidesPerGroup\":\"2\",\"breakpoints\":{\"0\":{\"slidesPerView\":1},\"576\":{\"slidesPerView\":\"1\"},\"768\":{\"slidesPerView\":\"2\"},\"992\":{\"slidesPerView\":\"2\"},\"1200\":{\"slidesPerView\":\"3\"},\"1300\":{\"slidesPerView\":\"4\"}}}'><div class=\"swiper-wrapper\"><div class=\"swiper-slide\"><div class=\"service-card\"><div class=\"box-number\">01<\/div><div class=\"box-icon\"><img decoding=\"async\" src=\"https:\/\/www.ozcandogalgaz.com.tr\/wp-content\/uploads\/2024\/08\/service_grid_3.svg\" alt=\"service_grid_3\"  \/><\/div><p class=\"box-subtitle\">\u00d6zcan Do\u011falgaz<\/p><h3 class=\"box-title\"><a href=\"\">KOMB\u0130 \u00c7E\u015e\u0130TLER\u0130<\/a><\/h3><p class=\"box-text\"> M\u00fc\u015fterilerimizin ihtiya\u00e7lar\u0131n\u0131 ve beklentilerini en \u00fcst d\u00fczeyde kar\u015f\u0131lamak i\u00e7in \u00e7al\u0131\u015f\u0131yoruz.<\/p><\/div><\/div><div class=\"swiper-slide\"><div class=\"service-card\"><div class=\"box-number\">01<\/div><div class=\"box-icon\"><img decoding=\"async\" src=\"https:\/\/www.ozcandogalgaz.com.tr\/wp-content\/uploads\/2024\/08\/service_grid_3.svg\" alt=\"service_grid_3\"  \/><\/div><p class=\"box-subtitle\">\u00d6zcan Do\u011falgaz<\/p><h3 class=\"box-title\"><a href=\"\">KOMB\u0130 BAKIMI<\/a><\/h3><p class=\"box-text\"> M\u00fc\u015fterilerimizin ihtiya\u00e7lar\u0131n\u0131 ve beklentilerini en \u00fcst d\u00fczeyde kar\u015f\u0131lamak i\u00e7in \u00e7al\u0131\u015f\u0131yoruz.<\/p><\/div><\/div><div class=\"swiper-slide\"><div class=\"service-card\"><div class=\"box-number\">01<\/div><div class=\"box-icon\"><img decoding=\"async\" src=\"https:\/\/www.ozcandogalgaz.com.tr\/wp-content\/uploads\/2024\/08\/service_grid_3.svg\" alt=\"service_grid_3\"  \/><\/div><p class=\"box-subtitle\">\u00d6zcan Do\u011falgaz<\/p><h3 class=\"box-title\"><a href=\"\">KOMB\u0130 TAM\u0130R\u0130<\/a><\/h3><p class=\"box-text\"> M\u00fc\u015fterilerimizin ihtiya\u00e7lar\u0131n\u0131 ve beklentilerini en \u00fcst d\u00fczeyde kar\u015f\u0131lamak i\u00e7in \u00e7al\u0131\u015f\u0131yoruz.<\/p><\/div><\/div><div class=\"swiper-slide\"><div class=\"service-card\"><div class=\"box-number\">01<\/div><div class=\"box-icon\"><img decoding=\"async\" src=\"https:\/\/www.ozcandogalgaz.com.tr\/wp-content\/uploads\/2024\/08\/service_grid_3.svg\" alt=\"service_grid_3\"  \/><\/div><p class=\"box-subtitle\">\u00d6zcan Do\u011falgaz<\/p><h3 class=\"box-title\"><a href=\"\">YEDEK PAR\u00c7A<\/a><\/h3><p class=\"box-text\"> M\u00fc\u015fterilerimizin ihtiya\u00e7lar\u0131n\u0131 ve beklentilerini en \u00fcst d\u00fczeyde kar\u015f\u0131lamak i\u00e7in \u00e7al\u0131\u015f\u0131yoruz.<\/p><\/div><\/div><\/div><div class=\"slider-pagination\"><\/div><\/div><\/div>\t\t\t\t<\/div>\n\t\t\t\t<\/div>\n\t\t\t\t\t<\/div>\n\t\t\t\t<\/div>\n\t\t<div class=\"elementor-element elementor-element-705f0c1 e-flex e-con-boxed e-con e-parent\" data-id=\"705f0c1\" data-element_type=\"container\" data-settings=\"{&quot;background_background&quot;:&quot;classic&quot;}\">\n\t\t\t\t\t<div class=\"e-con-inner\">\n\t\t<div class=\"elementor-element elementor-element-2f0c8bf e-con-full e-flex e-con e-child\" data-id=\"2f0c8bf\" data-element_type=\"container\">\n\t\t<div class=\"elementor-element elementor-element-c0d4762 e-con-full e-flex e-con e-child\" data-id=\"c0d4762\" data-element_type=\"container\">\n\t\t\t\t<div class=\"elementor-element elementor-element-ae058da elementor-widget elementor-widget-rakarsectiontitle\" data-id=\"ae058da\" data-element_type=\"widget\" data-widget_type=\"rakarsectiontitle.default\">\n\t\t\t\t<div class=\"elementor-widget-container\">\n\t\t\t\t\t\t\t<div class=\"title-area text-left \">\r\n\t\t\t<span class=\"sub-title shape-white\"><img decoding=\"async\" src=\"https:\/\/wordpress.themeholy.com\/rakar\/wp-content\/uploads\/2024\/07\/title_icon_white.svg\" alt=\"title_icon_white\"  \/>\u00d6ZCAN DO\u011eALGAZ<\/span><h2 class=\"sec-title \">\u00d6zcan Do\u011falgaz Kombi Bak\u0131m, Tamir ve Sat\u0131\u015f\u0131<\/h2>\t\t<\/div>\r\n\r\n\t\t\t\t\t<\/div>\n\t\t\t\t<\/div>\n\t\t\t\t<div class=\"elementor-element elementor-element-b10ff74 elementor-widget elementor-widget-text-editor\" data-id=\"b10ff74\" data-element_type=\"widget\" data-widget_type=\"text-editor.default\">\n\t\t\t\t<div class=\"elementor-widget-container\">\n\t\t\t\t\t\t\t\t\t<p><span style=\"color: #ffffff;\">\u00d6zcan Do\u011falgaz, kombi sistemleri konusunda uzmanla\u015fm\u0131\u015f ve y\u0131llar\u0131n verdi\u011fi deneyimle sekt\u00f6rdeki en g\u00fcvenilir firmalardan biridir. M\u00fc\u015fteri memnuniyetini her zaman \u00f6n planda tutarak, kombi bak\u0131m, tamir ve sat\u0131\u015f hizmetlerini profesyonel bir \u015fekilde sunmaktad\u0131r. Firmam\u0131z, do\u011falgazl\u0131 \u0131s\u0131nma sistemlerinin verimli \u00e7al\u0131\u015fmas\u0131n\u0131 sa\u011flamak i\u00e7in geni\u015f bir hizmet yelpazesi sunmaktad\u0131r.<\/span><\/p><p><span style=\"color: #ffffff;\">Hizmetlerimiz:<\/span><\/p><p><span style=\"color: #ffffff;\">Kombi Sat\u0131\u015f\u0131: \u00d6zcan Do\u011falgaz, kaliteli ve enerji verimli kombileri m\u00fc\u015fterilerine sunmaktad\u0131r. Farkl\u0131 ihtiya\u00e7lara uygun \u00e7e\u015fitli kombi markalar\u0131 ve modelleriyle, en uygun \u00e7\u00f6z\u00fcm\u00fc bulman\u0131z\u0131 sa\u011fl\u0131yoruz.<\/span><\/p><p><span style=\"color: #ffffff;\">Kombi Bak\u0131m\u0131: Kombi bak\u0131m\u0131, cihaz\u0131n\u0131z\u0131n verimli \u00e7al\u0131\u015fmas\u0131n\u0131 sa\u011flamak, ar\u0131zalar\u0131n \u00f6n\u00fcne ge\u00e7mek ve enerji t\u00fcketimini d\u00fc\u015f\u00fcrmek i\u00e7in olduk\u00e7a \u00f6nemlidir. Kombi bak\u0131m hizmetlerimiz, uzman teknisyenler taraf\u0131ndan titizlikle yap\u0131lmaktad\u0131r. Y\u0131lda bir kez yap\u0131lan periyodik bak\u0131mlar, kombinizin \u00f6mr\u00fcn\u00fc uzat\u0131r ve y\u00fcksek verimle \u00e7al\u0131\u015fmas\u0131n\u0131 sa\u011flar.<\/span><\/p><p><span style=\"color: #ffffff;\">Kombi Tamiri: Kombinizde herhangi bir ar\u0131za durumunda, \u00d6zcan Do\u011falgaz teknik ekibi h\u0131zl\u0131 ve etkili bir \u015fekilde m\u00fcdahale ederek, sorunun kayna\u011f\u0131n\u0131 tespit eder ve onar\u0131m\u0131 ger\u00e7ekle\u015ftirir. T\u00fcm tamir i\u015flemlerimiz garantili olup, en k\u0131sa s\u00fcrede \u00e7\u00f6z\u00fcm sunulmaktad\u0131r.<\/span><\/p><p>\u00a0<\/p>\t\t\t\t\t\t\t\t<\/div>\n\t\t\t\t<\/div>\n\t\t\t\t<\/div>\n\t\t<div class=\"elementor-element elementor-element-fd07004 e-con-full e-flex e-con e-child\" data-id=\"fd07004\" data-element_type=\"container\">\n\t\t\t\t<div class=\"elementor-element elementor-element-5465833 elementor-widget elementor-widget-rakarimage\" data-id=\"5465833\" data-element_type=\"widget\" data-widget_type=\"rakarimage.default\">\n\t\t\t\t<div class=\"elementor-widget-container\">\n\t\t\t\t\t<div class=\"img-box1 \"><div class=\"img1\"><img decoding=\"async\" src=\"https:\/\/www.ozcandogalgaz.com.tr\/wp-content\/uploads\/2025\/02\/hp17-54588-01-1522144-format-flex-height.jpg\" alt=\"hp17 54588 01 1522144 format flex height\"  \/><\/div><div class=\"box-badge\"><div class=\"spin-text\">\r\n\t\t\t\t\t\t\t<svg version=\"1.1\" xmlns=\"http:\/\/www.w3.org\/2000\/svg\" xmlns:xlink=\"http:\/\/www.w3.org\/1999\/xlink\" x=\"0px\" y=\"0px\" width=\"300px\" height=\"300px\" viewBox=\"0 0 300 300\" enable-background=\"new 0 0 300 300\" xml:space=\"preserve\">\r\n\t\t\t\t\t\t\t\t<defs>\r\n\t\t\t\t\t\t\t\t\t<path id=\"circlePath\" d=\"M 150, 150 m -60, 0 a 60,60 0 0,1 120,0 a 60,60 0 0,1 -120,0 \" \/>\r\n\t\t\t\t\t\t\t\t<\/defs>\r\n\t\t\t\t\t\t\t\t<circle cx=\"150\" cy=\"100\" r=\"75\" fill=\"none\" \/>\r\n\t\t\t\t\t\t\t\t<g>\r\n\t\t\t\t\t\t\t\t\t<use xlink:href=\"#circlePath\" fill=\"none\" \/>\r\n\t\t\t\t\t\t\t\t\t<text fill=\"#fff\">\r\n\t\t\t\t\t\t\t\t\t\t<textPath xlink:href=\"#circlePath\">Rakar The Best Service Provider<\/textPath>\r\n\t\t\t\t\t\t\t\t\t<\/text>\r\n\t\t\t\t\t\t\t\t<\/g>\r\n\t\t\t\t\t\t\t<\/svg>\r\n\t\t\t\t\t\t<\/div><div class=\"box-icon\"><img decoding=\"async\" src=\"https:\/\/wordpress.themeholy.com\/rakar\/wp-content\/uploads\/2024\/07\/about_badge.svg\" alt=\"about_badge\"  \/><\/div><\/div><img decoding=\"async\" src=\"https:\/\/wordpress.themeholy.com\/rakar\/wp-content\/uploads\/2024\/07\/dots_1.svg\" alt=\"dots_1\"  class=\"dot-shape\" \/><\/div>\t\t\t\t<\/div>\n\t\t\t\t<\/div>\n\t\t\t\t<\/div>\n\t\t\t\t<\/div>\n\t\t\t\t<div class=\"elementor-element elementor-element-a3d53ec elementor-widget elementor-widget-rakarshapeimage\" data-id=\"a3d53ec\" data-element_type=\"widget\" data-widget_type=\"rakarshapeimage.default\">\n\t\t\t\t<div class=\"elementor-widget-container\">\n\t\t\t\t\t<!-- Image --><div class=\"shape-mockup spin \" data-top=\"6%\" data-left=\"3%\"><img decoding=\"async\" class=\"\" src=\"https:\/\/wordpress.themeholy.com\/rakar\/wp-content\/uploads\/2024\/07\/dots_1.svg\" alt=\"Shape Image\" ><\/div><!-- End Image -->\t\t\t\t<\/div>\n\t\t\t\t<\/div>\n\t\t\t\t<div class=\"elementor-element elementor-element-1e62a92 elementor-widget elementor-widget-rakarshapeimage\" data-id=\"1e62a92\" data-element_type=\"widget\" data-widget_type=\"rakarshapeimage.default\">\n\t\t\t\t<div class=\"elementor-widget-container\">\n\t\t\t\t\t<!-- Image --><div class=\"shape-mockup  d-xl-block d-none\" data-bottom=\"3%\" data-right=\"1px\"><img decoding=\"async\" class=\"\" src=\"https:\/\/wordpress.themeholy.com\/rakar\/wp-content\/uploads\/2024\/07\/lines_2.png\" alt=\"Shape Image\" ><\/div><!-- End Image -->\t\t\t\t<\/div>\n\t\t\t\t<\/div>\n\t\t\t\t\t<\/div>\n\t\t\t\t<\/div>\n\t\t\t\t<\/div>\n\t\t","protected":false},"excerpt":{"rendered":"<p>\u00d6ZCAN DO\u011eALGAZ \u00d6ZCAN DO\u011eALGAZ \u00d6ZCAN DO\u011eALGAZ Hizmetlerimiz \u00d6zcan Do\u011falgaz, kombi sistemlerinin bak\u0131m, tamir ve sat\u0131\u015f\u0131 konusunda her zaman yan\u0131n\u0131zda. Sa\u011flad\u0131\u011f\u0131m\u0131z kaliteli hizmetle \u0131s\u0131nma sistemlerinizi g\u00fcvenle kullanabilir, tasarruf sa\u011flayabilirsiniz. Sizin i\u00e7in en uygun \u00e7\u00f6z\u00fcmleri sunmak i\u00e7in buraday\u0131z! 01 \u00d6zcan Do\u011falgaz KOMB\u0130 \u00c7E\u015e\u0130TLER\u0130 M\u00fc\u015fterilerimizin ihtiya\u00e7lar\u0131n\u0131 ve beklentilerini en \u00fcst d\u00fczeyde kar\u015f\u0131lamak i\u00e7in \u00e7al\u0131\u015f\u0131yoruz. 01 \u00d6zcan Do\u011falgaz KOMB\u0130&#8230;<\/p>\n","protected":false},"author":1,"featured_media":0,"parent":0,"menu_order":0,"comment_status":"closed","ping_status":"closed","template":"template-builder.php","meta":{"footnotes":""},"class_list":["post-21","page","type-page","status-publish","hentry"],"_links":{"self":[{"href":"https:\/\/www.ozcandogalgaz.com.tr\/index.php\/wp-json\/wp\/v2\/pages\/21","targetHints":{"allow":["GET"]}}],"collection":[{"href":"https:\/\/www.ozcandogalgaz.com.tr\/index.php\/wp-json\/wp\/v2\/pages"}],"about":[{"href":"https:\/\/www.ozcandogalgaz.com.tr\/index.php\/wp-json\/wp\/v2\/types\/page"}],"author":[{"embeddable":true,"href":"https:\/\/www.ozcandogalgaz.com.tr\/index.php\/wp-json\/wp\/v2\/users\/1"}],"replies":[{"embeddable":true,"href":"https:\/\/www.ozcandogalgaz.com.tr\/index.php\/wp-json\/wp\/v2\/comments?post=21"}],"version-history":[{"count":32,"href":"https:\/\/www.ozcandogalgaz.com.tr\/index.php\/wp-json\/wp\/v2\/pages\/21\/revisions"}],"predecessor-version":[{"id":2409,"href":"https:\/\/www.ozcandogalgaz.com.tr\/index.php\/wp-json\/wp\/v2\/pages\/21\/revisions\/2409"}],"wp:attachment":[{"href":"https:\/\/www.ozcandogalgaz.com.tr\/index.php\/wp-json\/wp\/v2\/media?parent=21"}],"curies":[{"name":"wp","href":"https:\/\/api.w.org\/{rel}","templated":true}]}}